{"id":468,"date":"2021-11-18T16:44:55","date_gmt":"2021-11-18T16:44:55","guid":{"rendered":"https:\/\/ccaa.pt\/equipa\/"},"modified":"2025-08-29T14:45:33","modified_gmt":"2025-08-29T14:45:33","slug":"team","status":"publish","type":"page","link":"https:\/\/ccaa.pt\/en\/team\/","title":{"rendered":"Team"},"content":{"rendered":"<p>[vc_row css_animation=&#8221;&#8221; row_type=&#8221;row&#8221; use_row_as_full_screen_section=&#8221;no&#8221; type=&#8221;full_width&#8221; angled_section=&#8221;no&#8221; text_align=&#8221;left&#8221; background_image_as_pattern=&#8221;without_pattern&#8221; row_negative_margin=&#8221;disable_negative_margin&#8221; z_index=&#8221;&#8221; css=&#8221;.vc_custom_1637322825292{padding-top: 50px !important;}&#8221; el_class=&#8221;show_mobile&#8221;][vc_column css_animation=&#8221;fadeInUp&#8221; css=&#8221;.vc_custom_1637259141470{padding-bottom: 0px !important;}&#8221;][\/vc_column][\/vc_row][vc_row css_animation=&#8221;&#8221; row_type=&#8221;row&#8221; use_row_as_full_screen_section=&#8221;no&#8221; type=&#8221;full_width&#8221; angled_section=&#8221;no&#8221; text_align=&#8221;left&#8221; background_image_as_pattern=&#8221;without_pattern&#8221; row_negative_margin=&#8221;disable_negative_margin&#8221; z_index=&#8221;&#8221; css=&#8221;.vc_custom_1642516945195{margin-top: 0px !important;padding-top: 30px !important;padding-right: 15px !important;padding-left: 15px !important;}&#8221;][vc_column css_animation=&#8221;fadeInLeft&#8221; width=&#8221;1\/6&#8243; css=&#8221;.vc_custom_1642517028304{padding-bottom: 0px !important;}&#8221;][\/vc_column][vc_column css_animation=&#8221;fadeInLeft&#8221; width=&#8221;1\/6&#8243;][vc_single_image image=&#8221;683&#8243; img_size=&#8221;full&#8221; onclick=&#8221;custom_link&#8221; qode_css_animation=&#8221;&#8221; link=&#8221;https:\/\/ccaa.pt\/en\/cristovao-carvalho\/&#8221;][vc_separator type=&#8221;normal&#8221; color=&#8221;#222222&#8243; thickness=&#8221;5&#8243; el_class=&#8221;show_mobile&#8221;][\/vc_column][vc_column css_animation=&#8221;fadeIn&#8221; width=&#8221;1\/6&#8243; css=&#8221;.vc_custom_1642517002667{padding-bottom: 20px !important;}&#8221;][vc_column_text]<\/p>\n<h5>Crist\u00f3v\u00e3o<br \/>\nCarvalho<\/h5>\n<h6 class=\"text\">Managing Partner<\/h6>\n<p>[\/vc_column_text]<a  itemprop=\"url\" href=\"https:\/\/ccaa.pt\/en\/cristovao-carvalho\/\" target=\"_self\"  class=\"qbutton  default\" style=\"\">know more<\/a><a  itemprop=\"url\" href=\"mailto:cc@ccaa.pt\" target=\"_self\"  class=\"qbutton  default\" style=\"\">email<\/a><a  itemprop=\"url\" href=\"https:\/\/ccaa.pt\/wp-content\/vcards\/cc.vcf\" target=\"_self\"  class=\"qbutton  default\" style=\"\">vcard<\/a>[\/vc_column][vc_column css_animation=&#8221;fadeInLeft&#8221; width=&#8221;1\/6&#8243;][vc_single_image image=&#8221;1192&#8243; img_size=&#8221;full&#8221; onclick=&#8221;custom_link&#8221; qode_css_animation=&#8221;&#8221; link=&#8221;https:\/\/ccaa.pt\/en\/vanessa-laranjeira-cruz\/&#8221;][vc_separator type=&#8221;normal&#8221; color=&#8221;#222222&#8243; thickness=&#8221;5&#8243; el_class=&#8221;show_mobile&#8221;][\/vc_column][vc_column css_animation=&#8221;fadeIn&#8221; width=&#8221;1\/6&#8243;][vc_column_text]<\/p>\n<h5>Vanessa Laranjeira<br \/>\nCruz<\/h5>\n<h6 class=\"text\">Partner<\/h6>\n<p>[\/vc_column_text]<a  itemprop=\"url\" href=\"https:\/\/ccaa.pt\/en\/vanessa-laranjeira-cruz\/\" target=\"_self\"  class=\"qbutton  default\" style=\"\">know more<\/a><a  itemprop=\"url\" href=\"mailto:adv6@ccaa.pt\" target=\"_self\"  class=\"qbutton  default\" style=\"\">email<\/a><a  itemprop=\"url\" href=\"https:\/\/ccaa.pt\/wp-content\/vcards\/vlc.vcf\" target=\"_self\"  class=\"qbutton  default\" style=\"\">vcard<\/a>[\/vc_column][vc_column css_animation=&#8221;fadeIn&#8221; width=&#8221;1\/6&#8243;][\/vc_column][\/vc_row][vc_row css_animation=&#8221;&#8221; row_type=&#8221;row&#8221; use_row_as_full_screen_section=&#8221;no&#8221; type=&#8221;full_width&#8221; angled_section=&#8221;no&#8221; text_align=&#8221;left&#8221; background_image_as_pattern=&#8221;without_pattern&#8221; row_negative_margin=&#8221;disable_negative_margin&#8221; z_index=&#8221;&#8221; css=&#8221;.vc_custom_1637322825292{padding-top: 50px !important;}&#8221; el_class=&#8221;show_mobile&#8221;][vc_column css_animation=&#8221;fadeInUp&#8221; css=&#8221;.vc_custom_1637259141470{padding-bottom: 0px !important;}&#8221;][\/vc_column][\/vc_row][vc_row css_animation=&#8221;&#8221; row_type=&#8221;row&#8221; use_row_as_full_screen_section=&#8221;no&#8221; type=&#8221;full_width&#8221; angled_section=&#8221;no&#8221; text_align=&#8221;left&#8221; background_image_as_pattern=&#8221;without_pattern&#8221; row_negative_margin=&#8221;disable_negative_margin&#8221; z_index=&#8221;&#8221; css=&#8221;.vc_custom_1642517136634{margin-top: 0px !important;padding-top: 30px !important;padding-right: 15px !important;padding-left: 15px !important;}&#8221; el_class=&#8221;shadow_eq&#8221;][vc_column css_animation=&#8221;fadeInLeft&#8221; width=&#8221;1\/6&#8243; css=&#8221;.vc_custom_1642517277559{padding-bottom: 0px !important;}&#8221;][\/vc_column][vc_column css_animation=&#8221;fadeInLeft&#8221; width=&#8221;1\/6&#8243;][vc_single_image image=&#8221;1104&#8243; img_size=&#8221;full&#8221; onclick=&#8221;custom_link&#8221; qode_css_animation=&#8221;&#8221; link=&#8221;https:\/\/ccaa.pt\/en\/sergio-conceicao-gomes\/&#8221;][vc_separator type=&#8221;normal&#8221; color=&#8221;#222222&#8243; thickness=&#8221;5&#8243; el_class=&#8221;show_mobile&#8221;][\/vc_column][vc_column css_animation=&#8221;fadeIn&#8221; width=&#8221;1\/6&#8243; css=&#8221;.vc_custom_1642517002667{padding-bottom: 20px !important;}&#8221;][vc_column_text]<\/p>\n<h5>S\u00e9rgio Concei\u00e7\u00e3o<br \/>\nGomes<\/h5>\n<h6 class=\"text\">Associate Lawyer<\/h6>\n<p>[\/vc_column_text]<a  itemprop=\"url\" href=\"https:\/\/ccaa.pt\/en\/sergio-conceicao-gomes\/\" target=\"_self\"  class=\"qbutton  default\" style=\"\">know more<\/a><a  itemprop=\"url\" href=\"mailto:adv3@ccaa.pt\" target=\"_self\"  class=\"qbutton  default\" style=\"\">Email<\/a><a  itemprop=\"url\" href=\"https:\/\/ccaa.pt\/wp-content\/vcards\/scg.vcf\" target=\"_self\"  class=\"qbutton  default\" style=\"\">vcard<\/a>[\/vc_column][vc_column css_animation=&#8221;fadeInLeft&#8221; width=&#8221;1\/6&#8243;][vc_single_image image=&#8221;1106&#8243; img_size=&#8221;full&#8221; onclick=&#8221;custom_link&#8221; qode_css_animation=&#8221;&#8221; link=&#8221;https:\/\/ccaa.pt\/en\/silvia-braz\/&#8221;][vc_separator type=&#8221;normal&#8221; color=&#8221;#222222&#8243; thickness=&#8221;5&#8243; el_class=&#8221;show_mobile&#8221;][\/vc_column][vc_column css_animation=&#8221;fadeIn&#8221; width=&#8221;1\/6&#8243;][vc_column_text]<\/p>\n<h5>S\u00edlvia<br \/>\nBraz<\/h5>\n<h6 class=\"text\">Associate Lawyer<\/h6>\n<p>[\/vc_column_text]<a  itemprop=\"url\" href=\"https:\/\/ccaa.pt\/en\/silvia-braz\/\" target=\"_self\"  class=\"qbutton  default\" style=\"\">know more<\/a><a  itemprop=\"url\" href=\"mailto:adv2@ccaa.pt\" target=\"_self\"  class=\"qbutton  default\" style=\"\">Email<\/a><a  itemprop=\"url\" href=\"https:\/\/ccaa.pt\/wp-content\/vcards\/sb.vcf\" target=\"_self\"  class=\"qbutton  default\" style=\"\">vcard<\/a>[\/vc_column][vc_column css_animation=&#8221;fadeIn&#8221; width=&#8221;1\/6&#8243;][\/vc_column][\/vc_row][vc_row css_animation=&#8221;&#8221; row_type=&#8221;row&#8221; use_row_as_full_screen_section=&#8221;no&#8221; type=&#8221;full_width&#8221; angled_section=&#8221;no&#8221; text_align=&#8221;left&#8221; background_image_as_pattern=&#8221;without_pattern&#8221; row_negative_margin=&#8221;disable_negative_margin&#8221; z_index=&#8221;&#8221; css=&#8221;.vc_custom_1637322825292{padding-top: 50px !important;}&#8221; el_class=&#8221;show_mobile&#8221;][vc_column css_animation=&#8221;fadeInUp&#8221; css=&#8221;.vc_custom_1637259141470{padding-bottom: 0px !important;}&#8221;][\/vc_column][\/vc_row][vc_row css_animation=&#8221;&#8221; row_type=&#8221;row&#8221; use_row_as_full_screen_section=&#8221;no&#8221; type=&#8221;full_width&#8221; angled_section=&#8221;no&#8221; text_align=&#8221;left&#8221; background_image_as_pattern=&#8221;without_pattern&#8221; row_negative_margin=&#8221;disable_negative_margin&#8221; z_index=&#8221;&#8221; css=&#8221;.vc_custom_1642517136634{margin-top: 0px !important;padding-top: 30px !important;padding-right: 15px !important;padding-left: 15px !important;}&#8221; el_class=&#8221;shadow_eq&#8221;][vc_column css_animation=&#8221;fadeInLeft&#8221; width=&#8221;1\/6&#8243; css=&#8221;.vc_custom_1642517277559{padding-bottom: 0px !important;}&#8221;][\/vc_column][vc_column css_animation=&#8221;fadeInLeft&#8221; width=&#8221;1\/6&#8243;][vc_single_image image=&#8221;1183&#8243; img_size=&#8221;full&#8221; onclick=&#8221;custom_link&#8221; qode_css_animation=&#8221;&#8221; link=&#8221;https:\/\/ccaa.pt\/en\/guilherme-barroso-piedade\/&#8221;][vc_separator type=&#8221;normal&#8221; color=&#8221;#222222&#8243; thickness=&#8221;5&#8243; el_class=&#8221;show_mobile&#8221;][\/vc_column][vc_column css_animation=&#8221;fadeIn&#8221; width=&#8221;1\/6&#8243; css=&#8221;.vc_custom_1642517002667{padding-bottom: 20px !important;}&#8221;][vc_column_text]<\/p>\n<h5>Guilherme Barroso<br \/>\nPiedade<\/h5>\n<h6 class=\"text\">Associate Lawyer<\/h6>\n<p>[\/vc_column_text]<a  itemprop=\"url\" href=\"https:\/\/ccaa.pt\/en\/guilherme-barroso-piedade\/\" target=\"_self\"  class=\"qbutton  default\" style=\"\">Know More<\/a><a  itemprop=\"url\" href=\"mailto:adv4@ccaa.pt\" target=\"_self\"  class=\"qbutton  default\" style=\"\">E-mail<\/a><a  itemprop=\"url\" href=\"https:\/\/ccaa.pt\/wp-content\/vcards\/guilherme_barroso_piedade.vcf\" target=\"_self\"  class=\"qbutton  default\" style=\"\">vcard<\/a>[\/vc_column][vc_column css_animation=&#8221;fadeInLeft&#8221; width=&#8221;1\/6&#8243;][vc_single_image image=&#8221;1181&#8243; img_size=&#8221;full&#8221; onclick=&#8221;custom_link&#8221; qode_css_animation=&#8221;&#8221; link=&#8221;https:\/\/ccaa.pt\/en\/tatiana-pontes\/&#8221;][vc_separator type=&#8221;normal&#8221; color=&#8221;#222222&#8243; thickness=&#8221;5&#8243; el_class=&#8221;show_mobile&#8221;][\/vc_column][vc_column css_animation=&#8221;fadeIn&#8221; width=&#8221;1\/6&#8243;][vc_column_text]<\/p>\n<h5>Tatiana<br \/>\nPontes<\/h5>\n<h6 class=\"text\">Associate Lawyer<\/h6>\n<p>[\/vc_column_text]<a  itemprop=\"url\" href=\"https:\/\/ccaa.pt\/en\/tatiana-pontes\/\" target=\"_self\"  class=\"qbutton  default\" style=\"\">Know More<\/a><a  itemprop=\"url\" href=\"mailto:adv1@ccaa.pt\" target=\"_self\"  class=\"qbutton  default\" style=\"\">E-mail<\/a><a  itemprop=\"url\" href=\"https:\/\/ccaa.pt\/wp-content\/vcards\/tatiana_pontes.vcf\" target=\"_self\"  class=\"qbutton  default\" style=\"\">vcard<\/a>[\/vc_column][vc_column css_animation=&#8221;fadeIn&#8221; width=&#8221;1\/6&#8243;][\/vc_column][\/vc_row][vc_row css_animation=&#8221;&#8221; row_type=&#8221;row&#8221; use_row_as_full_screen_section=&#8221;no&#8221; type=&#8221;full_width&#8221; angled_section=&#8221;no&#8221; text_align=&#8221;left&#8221; background_image_as_pattern=&#8221;without_pattern&#8221; row_negative_margin=&#8221;disable_negative_margin&#8221; z_index=&#8221;&#8221; css=&#8221;.vc_custom_1637322825292{padding-top: 50px !important;}&#8221; el_class=&#8221;show_mobile&#8221;][vc_column css_animation=&#8221;fadeInUp&#8221; css=&#8221;.vc_custom_1637259141470{padding-bottom: 0px !important;}&#8221;][\/vc_column][\/vc_row]<\/p>\n","protected":false},"excerpt":{"rendered":"<p>[vc_row css_animation=&#8221;&#8221; row_type=&#8221;row&#8221; use_row_as_full_screen_section=&#8221;no&#8221; type=&#8221;full_width&#8221; angled_section=&#8221;no&#8221; text_align=&#8221;left&#8221; background_image_as_pattern=&#8221;without_pattern&#8221; row_negative_margin=&#8221;disable_negative_margin&#8221; z_index=&#8221;&#8221; css=&#8221;.vc_custom_1637322825292{padding-top: 50px !important;}&#8221; el_class=&#8221;show_mobile&#8221;][vc_column css_animation=&#8221;fadeInUp&#8221; css=&#8221;.vc_custom_1637259141470{padding-bottom: 0px !important;}&#8221;][\/vc_column][\/vc_row][vc_row css_animation=&#8221;&#8221; row_type=&#8221;row&#8221; use_row_as_full_screen_section=&#8221;no&#8221; type=&#8221;full_width&#8221; angled_section=&#8221;no&#8221; text_align=&#8221;left&#8221; background_image_as_pattern=&#8221;without_pattern&#8221; row_negative_margin=&#8221;disable_negative_margin&#8221; z_index=&#8221;&#8221; css=&#8221;.vc_custom_1642516945195{margin-top: 0px !important;padding-top: 30px !important;padding-right: 15px !important;padding-left: 15px !important;}&#8221;][vc_column css_animation=&#8221;fadeInLeft&#8221; width=&#8221;1\/6&#8243; css=&#8221;.vc_custom_1642517028304{padding-bottom: 0px !important;}&#8221;][\/vc_column][vc_column css_animation=&#8221;fadeInLeft&#8221; width=&#8221;1\/6&#8243;][vc_single_image image=&#8221;683&#8243; img_size=&#8221;full&#8221;&#8230;<\/p>\n","protected":false},"author":1,"featured_media":0,"parent":0,"menu_order":0,"comment_status":"closed","ping_status":"closed","template":"full_width.php","meta":{"inline_featured_image":false,"footnotes":""},"class_list":["post-468","page","type-page","status-publish","hentry"],"yoast_head":"<!-- This site is optimized with the Yoast SEO plugin v27.3 - https:\/\/yoast.com\/product\/yoast-seo-wordpress\/ -->\r\n<title>Team - CC AA<\/title>\r\n<meta name=\"robots\" content=\"index, follow, max-snippet:-1, max-image-preview:large, max-video-preview:-1\" \/>\r\n<link rel=\"canonical\" href=\"https:\/\/ccaa.pt\/en\/team\/\" \/>\r\n<meta property=\"og:locale\" content=\"en_US\" \/>\r\n<meta property=\"og:type\" content=\"article\" \/>\r\n<meta property=\"og:title\" content=\"Team - CC AA\" \/>\r\n<meta property=\"og:description\" content=\"[vc_row css_animation=&#8221;&#8221; row_type=&#8221;row&#8221; use_row_as_full_screen_section=&#8221;no&#8221; type=&#8221;full_width&#8221; angled_section=&#8221;no&#8221; text_align=&#8221;left&#8221; background_image_as_pattern=&#8221;without_pattern&#8221; row_negative_margin=&#8221;disable_negative_margin&#8221; z_index=&#8221;&#8221; css=&#8221;.vc_custom_1637322825292{padding-top: 50px !important;}&#8221; el_class=&#8221;show_mobile&#8221;][vc_column css_animation=&#8221;fadeInUp&#8221; css=&#8221;.vc_custom_1637259141470{padding-bottom: 0px !important;}&#8221;][\/vc_column][\/vc_row][vc_row css_animation=&#8221;&#8221; row_type=&#8221;row&#8221; use_row_as_full_screen_section=&#8221;no&#8221; type=&#8221;full_width&#8221; angled_section=&#8221;no&#8221; text_align=&#8221;left&#8221; background_image_as_pattern=&#8221;without_pattern&#8221; row_negative_margin=&#8221;disable_negative_margin&#8221; z_index=&#8221;&#8221; css=&#8221;.vc_custom_1642516945195{margin-top: 0px !important;padding-top: 30px !important;padding-right: 15px !important;padding-left: 15px !important;}&#8221;][vc_column css_animation=&#8221;fadeInLeft&#8221; width=&#8221;1\/6&#8243; css=&#8221;.vc_custom_1642517028304{padding-bottom: 0px !important;}&#8221;][\/vc_column][vc_column css_animation=&#8221;fadeInLeft&#8221; width=&#8221;1\/6&#8243;][vc_single_image image=&#8221;683&#8243; img_size=&#8221;full&#8221;...\" \/>\r\n<meta property=\"og:url\" content=\"https:\/\/ccaa.pt\/en\/team\/\" \/>\r\n<meta property=\"og:site_name\" content=\"CC AA\" \/>\r\n<meta property=\"article:modified_time\" content=\"2025-08-29T14:45:33+00:00\" \/>\r\n<meta name=\"twitter:card\" content=\"summary_large_image\" \/>\r\n<meta name=\"twitter:label1\" content=\"Est. reading time\" \/>\n\t<meta name=\"twitter:data1\" content=\"4 minutes\" \/>\r\n<script type=\"application\/ld+json\" class=\"yoast-schema-graph\">{\"@context\":\"https:\\\/\\\/schema.org\",\"@graph\":[{\"@type\":\"WebPage\",\"@id\":\"https:\\\/\\\/ccaa.pt\\\/en\\\/team\\\/\",\"url\":\"https:\\\/\\\/ccaa.pt\\\/en\\\/team\\\/\",\"name\":\"Team - CC AA\",\"isPartOf\":{\"@id\":\"https:\\\/\\\/ccaa.pt\\\/en\\\/#website\"},\"datePublished\":\"2021-11-18T16:44:55+00:00\",\"dateModified\":\"2025-08-29T14:45:33+00:00\",\"breadcrumb\":{\"@id\":\"https:\\\/\\\/ccaa.pt\\\/en\\\/team\\\/#breadcrumb\"},\"inLanguage\":\"en-US\",\"potentialAction\":[{\"@type\":\"ReadAction\",\"target\":[\"https:\\\/\\\/ccaa.pt\\\/en\\\/team\\\/\"]}]},{\"@type\":\"BreadcrumbList\",\"@id\":\"https:\\\/\\\/ccaa.pt\\\/en\\\/team\\\/#breadcrumb\",\"itemListElement\":[{\"@type\":\"ListItem\",\"position\":1,\"name\":\"Home\",\"item\":\"https:\\\/\\\/ccaa.pt\\\/en\\\/\"},{\"@type\":\"ListItem\",\"position\":2,\"name\":\"Team\"}]},{\"@type\":\"WebSite\",\"@id\":\"https:\\\/\\\/ccaa.pt\\\/en\\\/#website\",\"url\":\"https:\\\/\\\/ccaa.pt\\\/en\\\/\",\"name\":\"CC AA\",\"description\":\"\",\"potentialAction\":[{\"@type\":\"SearchAction\",\"target\":{\"@type\":\"EntryPoint\",\"urlTemplate\":\"https:\\\/\\\/ccaa.pt\\\/en\\\/?s={search_term_string}\"},\"query-input\":{\"@type\":\"PropertyValueSpecification\",\"valueRequired\":true,\"valueName\":\"search_term_string\"}}],\"inLanguage\":\"en-US\"}]}<\/script>\r\n<!-- \/ Yoast SEO plugin. -->","yoast_head_json":{"title":"Team - CC AA","robots":{"index":"index","follow":"follow","max-snippet":"max-snippet:-1","max-image-preview":"max-image-preview:large","max-video-preview":"max-video-preview:-1"},"canonical":"https:\/\/ccaa.pt\/en\/team\/","og_locale":"en_US","og_type":"article","og_title":"Team - CC AA","og_description":"[vc_row css_animation=&#8221;&#8221; row_type=&#8221;row&#8221; use_row_as_full_screen_section=&#8221;no&#8221; type=&#8221;full_width&#8221; angled_section=&#8221;no&#8221; text_align=&#8221;left&#8221; background_image_as_pattern=&#8221;without_pattern&#8221; row_negative_margin=&#8221;disable_negative_margin&#8221; z_index=&#8221;&#8221; css=&#8221;.vc_custom_1637322825292{padding-top: 50px !important;}&#8221; el_class=&#8221;show_mobile&#8221;][vc_column css_animation=&#8221;fadeInUp&#8221; css=&#8221;.vc_custom_1637259141470{padding-bottom: 0px !important;}&#8221;][\/vc_column][\/vc_row][vc_row css_animation=&#8221;&#8221; row_type=&#8221;row&#8221; use_row_as_full_screen_section=&#8221;no&#8221; type=&#8221;full_width&#8221; angled_section=&#8221;no&#8221; text_align=&#8221;left&#8221; background_image_as_pattern=&#8221;without_pattern&#8221; row_negative_margin=&#8221;disable_negative_margin&#8221; z_index=&#8221;&#8221; css=&#8221;.vc_custom_1642516945195{margin-top: 0px !important;padding-top: 30px !important;padding-right: 15px !important;padding-left: 15px !important;}&#8221;][vc_column css_animation=&#8221;fadeInLeft&#8221; width=&#8221;1\/6&#8243; css=&#8221;.vc_custom_1642517028304{padding-bottom: 0px !important;}&#8221;][\/vc_column][vc_column css_animation=&#8221;fadeInLeft&#8221; width=&#8221;1\/6&#8243;][vc_single_image image=&#8221;683&#8243; img_size=&#8221;full&#8221;...","og_url":"https:\/\/ccaa.pt\/en\/team\/","og_site_name":"CC AA","article_modified_time":"2025-08-29T14:45:33+00:00","twitter_card":"summary_large_image","twitter_misc":{"Est. reading time":"4 minutes"},"schema":{"@context":"https:\/\/schema.org","@graph":[{"@type":"WebPage","@id":"https:\/\/ccaa.pt\/en\/team\/","url":"https:\/\/ccaa.pt\/en\/team\/","name":"Team - CC AA","isPartOf":{"@id":"https:\/\/ccaa.pt\/en\/#website"},"datePublished":"2021-11-18T16:44:55+00:00","dateModified":"2025-08-29T14:45:33+00:00","breadcrumb":{"@id":"https:\/\/ccaa.pt\/en\/team\/#breadcrumb"},"inLanguage":"en-US","potentialAction":[{"@type":"ReadAction","target":["https:\/\/ccaa.pt\/en\/team\/"]}]},{"@type":"BreadcrumbList","@id":"https:\/\/ccaa.pt\/en\/team\/#breadcrumb","itemListElement":[{"@type":"ListItem","position":1,"name":"Home","item":"https:\/\/ccaa.pt\/en\/"},{"@type":"ListItem","position":2,"name":"Team"}]},{"@type":"WebSite","@id":"https:\/\/ccaa.pt\/en\/#website","url":"https:\/\/ccaa.pt\/en\/","name":"CC AA","description":"","potentialAction":[{"@type":"SearchAction","target":{"@type":"EntryPoint","urlTemplate":"https:\/\/ccaa.pt\/en\/?s={search_term_string}"},"query-input":{"@type":"PropertyValueSpecification","valueRequired":true,"valueName":"search_term_string"}}],"inLanguage":"en-US"}]}},"_links":{"self":[{"href":"https:\/\/ccaa.pt\/en\/wp-json\/wp\/v2\/pages\/468","targetHints":{"allow":["GET"]}}],"collection":[{"href":"https:\/\/ccaa.pt\/en\/wp-json\/wp\/v2\/pages"}],"about":[{"href":"https:\/\/ccaa.pt\/en\/wp-json\/wp\/v2\/types\/page"}],"author":[{"embeddable":true,"href":"https:\/\/ccaa.pt\/en\/wp-json\/wp\/v2\/users\/1"}],"replies":[{"embeddable":true,"href":"https:\/\/ccaa.pt\/en\/wp-json\/wp\/v2\/comments?post=468"}],"version-history":[{"count":71,"href":"https:\/\/ccaa.pt\/en\/wp-json\/wp\/v2\/pages\/468\/revisions"}],"predecessor-version":[{"id":1210,"href":"https:\/\/ccaa.pt\/en\/wp-json\/wp\/v2\/pages\/468\/revisions\/1210"}],"wp:attachment":[{"href":"https:\/\/ccaa.pt\/en\/wp-json\/wp\/v2\/media?parent=468"}],"curies":[{"name":"wp","href":"https:\/\/api.w.org\/{rel}","templated":true}]}}